{"id":258,"date":"2018-01-22T10:17:40","date_gmt":"2018-01-22T14:17:40","guid":{"rendered":"http:\/\/alcaldiasanchez.gob.do\/transparencia\/?page_id=258"},"modified":"2025-03-28T06:06:33","modified_gmt":"2025-03-28T10:06:33","slug":"responsable-de-acceso-a-la-informacion","status":"publish","type":"page","link":"https:\/\/ayuntamientosanchez.gob.do\/transparencia\/responsable-de-acceso-a-la-informacion\/","title":{"rendered":"Responsable de Acceso a la Informaci\u00f3n"},"content":{"rendered":"\n<figure class=\"wp-block-image size-large\"><img loading=\"lazy\" width=\"700\" height=\"263\" src=\"http:\/\/ayuntamientosanchez.gob.do\/transparencia\/wp-content\/uploads\/2025\/03\/WhatsApp-Image-2025-03-25-at-7.31.23-PM-700x263.jpeg\" alt=\"\" class=\"wp-image-620\" srcset=\"https:\/\/ayuntamientosanchez.gob.do\/transparencia\/wp-content\/uploads\/2025\/03\/WhatsApp-Image-2025-03-25-at-7.31.23-PM-700x263.jpeg 700w, https:\/\/ayuntamientosanchez.gob.do\/transparencia\/wp-content\/uploads\/2025\/03\/WhatsApp-Image-2025-03-25-at-7.31.23-PM-250x94.jpeg 250w, https:\/\/ayuntamientosanchez.gob.do\/transparencia\/wp-content\/uploads\/2025\/03\/WhatsApp-Image-2025-03-25-at-7.31.23-PM-768x288.jpeg 768w, https:\/\/ayuntamientosanchez.gob.do\/transparencia\/wp-content\/uploads\/2025\/03\/WhatsApp-Image-2025-03-25-at-7.31.23-PM-1536x576.jpeg 1536w, https:\/\/ayuntamientosanchez.gob.do\/transparencia\/wp-content\/uploads\/2025\/03\/WhatsApp-Image-2025-03-25-at-7.31.23-PM-120x45.jpeg 120w, https:\/\/ayuntamientosanchez.gob.do\/transparencia\/wp-content\/uploads\/2025\/03\/WhatsApp-Image-2025-03-25-at-7.31.23-PM.jpeg 1600w\" sizes=\"(max-width: 700px) 100vw, 700px\" \/><\/figure>\n\n\n\n<figure class=\"wp-block-gallery has-nested-images columns-default is-cropped\">\n<figure class=\"wp-block-image size-large\"><img loading=\"lazy\" width=\"700\" height=\"525\" data-id=\"625\"  src=\"https:\/\/ayuntamientosanchez.gob.do\/transparencia\/wp-content\/uploads\/2025\/03\/f67efacc-8241-4087-9621-056bc802e8a1-700x525.jpg\" alt=\"\" class=\"wp-image-625\" srcset=\"https:\/\/ayuntamientosanchez.gob.do\/transparencia\/wp-content\/uploads\/2025\/03\/f67efacc-8241-4087-9621-056bc802e8a1-700x525.jpg 700w, https:\/\/ayuntamientosanchez.gob.do\/transparencia\/wp-content\/uploads\/2025\/03\/f67efacc-8241-4087-9621-056bc802e8a1-250x188.jpg 250w, https:\/\/ayuntamientosanchez.gob.do\/transparencia\/wp-content\/uploads\/2025\/03\/f67efacc-8241-4087-9621-056bc802e8a1-768x576.jpg 768w, https:\/\/ayuntamientosanchez.gob.do\/transparencia\/wp-content\/uploads\/2025\/03\/f67efacc-8241-4087-9621-056bc802e8a1-1536x1152.jpg 1536w, https:\/\/ayuntamientosanchez.gob.do\/transparencia\/wp-content\/uploads\/2025\/03\/f67efacc-8241-4087-9621-056bc802e8a1-120x90.jpg 120w, https:\/\/ayuntamientosanchez.gob.do\/transparencia\/wp-content\/uploads\/2025\/03\/f67efacc-8241-4087-9621-056bc802e8a1.jpg 1600w\" sizes=\"(max-width: 700px) 100vw, 700px\" \/><\/figure>\n\n\n\n<figure class=\"wp-block-image size-large\"><img loading=\"lazy\" width=\"700\" height=\"550\" data-id=\"629\"  src=\"https:\/\/ayuntamientosanchez.gob.do\/transparencia\/wp-content\/uploads\/2025\/03\/04298709-232b-446e-bad4-91384d6e2ee1-700x550.png\" alt=\"\" class=\"wp-image-629\" srcset=\"https:\/\/ayuntamientosanchez.gob.do\/transparencia\/wp-content\/uploads\/2025\/03\/04298709-232b-446e-bad4-91384d6e2ee1-700x550.png 700w, https:\/\/ayuntamientosanchez.gob.do\/transparencia\/wp-content\/uploads\/2025\/03\/04298709-232b-446e-bad4-91384d6e2ee1-250x197.png 250w, https:\/\/ayuntamientosanchez.gob.do\/transparencia\/wp-content\/uploads\/2025\/03\/04298709-232b-446e-bad4-91384d6e2ee1-120x94.png 120w, https:\/\/ayuntamientosanchez.gob.do\/transparencia\/wp-content\/uploads\/2025\/03\/04298709-232b-446e-bad4-91384d6e2ee1.png 720w\" sizes=\"(max-width: 700px) 100vw, 700px\" \/><\/figure>\n<\/figure>\n\n\n<p>\u00a0<\/p>\n<p><strong>Contactos del Responsable de Acceso a la Informaci\u00f3n Municipal (RAIM)<\/strong><\/p>\n<p><strong>Nombre:\u00a0<\/strong>Segunda Herrera Almonte<\/p>\n<p><strong>Tel\u00e9fono: (<\/strong><strong>809) 552-7696<\/strong><\/p>\n<p><strong>Correo:<\/strong> alcaldiadesanchez@gmail.com<\/p>\n<p><strong>Direcci\u00f3n:<\/strong> Calle Libertad, #16, S\u00e1nchez, provincia Saman\u00e1 R.D.<\/p>\n<p class=\"paragraph ng-attr-widget\">\u00a0<\/p>\n\n\n<div class=\"wp-block-file\"><object class=\"wp-block-file__embed\" data=\"http:\/\/ayuntamientosanchez.gob.do\/transparencia\/wp-content\/uploads\/2025\/03\/Formulario-de-Solicitud-de-Informacion-Sanchez.pdf\" type=\"application\/pdf\" style=\"width:100%;height:600px\" aria-label=\"Incrustado de Formulario de Solicitud de Informaci\u00f3n S\u00e1nchez.\"><\/object><a id=\"wp-block-file--media-c8798a84-4b1d-442d-853f-ed52dbdb61b2\" href=\"http:\/\/ayuntamientosanchez.gob.do\/transparencia\/wp-content\/uploads\/2025\/03\/Formulario-de-Solicitud-de-Informacion-Sanchez.pdf\">Formulario de Solicitud de Informaci\u00f3n S\u00e1nchez<\/a><a href=\"http:\/\/ayuntamientosanchez.gob.do\/transparencia\/wp-content\/uploads\/2025\/03\/Formulario-de-Solicitud-de-Informacion-Sanchez.pdf\" class=\"wp-block-file__button\" download aria-describedby=\"wp-block-file--media-c8798a84-4b1d-442d-853f-ed52dbdb61b2\">Descarga<\/a><\/div>\n","protected":false},"excerpt":{"rendered":"\u00a0 Contactos del Responsable de Acceso a la Informaci\u00f3n Municipal (RAIM) Nombre:\u00a0Segunda Herrera Almonte Tel\u00e9fono: (809) 552-7696 Correo: alcaldiadesanchez@gmail.com Direcci\u00f3n: Calle Libertad, #16, S\u00e1nchez, provincia Saman\u00e1 R.D. \u00a0","protected":false},"author":6,"featured_media":0,"parent":0,"menu_order":0,"comment_status":"closed","ping_status":"closed","template":"","meta":[],"_links":{"self":[{"href":"https:\/\/ayuntamientosanchez.gob.do\/transparencia\/wp-json\/wp\/v2\/pages\/258"}],"collection":[{"href":"https:\/\/ayuntamientosanchez.gob.do\/transparencia\/wp-json\/wp\/v2\/pages"}],"about":[{"href":"https:\/\/ayuntamientosanchez.gob.do\/transparencia\/wp-json\/wp\/v2\/types\/page"}],"author":[{"embeddable":true,"href":"https:\/\/ayuntamientosanchez.gob.do\/transparencia\/wp-json\/wp\/v2\/users\/6"}],"replies":[{"embeddable":true,"href":"https:\/\/ayuntamientosanchez.gob.do\/transparencia\/wp-json\/wp\/v2\/comments?post=258"}],"version-history":[{"count":9,"href":"https:\/\/ayuntamientosanchez.gob.do\/transparencia\/wp-json\/wp\/v2\/pages\/258\/revisions"}],"predecessor-version":[{"id":635,"href":"https:\/\/ayuntamientosanchez.gob.do\/transparencia\/wp-json\/wp\/v2\/pages\/258\/revisions\/635"}],"wp:attachment":[{"href":"https:\/\/ayuntamientosanchez.gob.do\/transparencia\/wp-json\/wp\/v2\/media?parent=258"}],"curies":[{"name":"wp","href":"https:\/\/api.w.org\/{rel}","templated":true}]}}